{"id":832,"date":"2024-11-26T14:36:20","date_gmt":"2024-11-26T11:36:20","guid":{"rendered":"https:\/\/igyapidekorasyon.com\/site\/?page_id=832"},"modified":"2025-02-24T14:13:28","modified_gmt":"2025-02-24T11:13:28","slug":"privacy-policy","status":"publish","type":"page","link":"https:\/\/igyapidekorasyon.com\/site\/?page_id=832","title":{"rendered":"Gizlilik Politikas\u0131"},"content":{"rendered":"\n<p><strong>\u0130G Yap\u0131 \u0130n\u015faat Dekorasyon<\/strong> olarak ziyaret\u00e7ilerimizin gizlili\u011fini \u00f6n planda tutuyoruz. Web sitemiz (<strong><a href=\"https:\/\/igyapidekorasyon.com\/\">https:\/\/igyapidekorasyon.com<\/a><\/strong>) \u00fczerinden ger\u00e7ekle\u015ftirdi\u011finiz ziyaretlerde ki\u015fisel bilgilerinizin korunmas\u0131 ve gizlili\u011finizin sa\u011flanmas\u0131 i\u00e7in azami \u00f6zeni g\u00f6stermekteyiz. Bu Gizlilik Politikas\u0131, hangi bilgilerin toplanmad\u0131\u011f\u0131n\u0131, nas\u0131l korundu\u011funu ve i\u00e7erik haklar\u0131m\u0131z\u0131 kapsaml\u0131 \u015fekilde a\u00e7\u0131klamaktad\u0131r.<\/p>\n\n\n\n<hr class=\"wp-block-separator has-alpha-channel-opacity\"\/>\n\n\n\n<h3 class=\"wp-block-heading\"><strong>1. Toplanan Bilgiler<\/strong><\/h3>\n\n\n\n<ul class=\"wp-block-list\">\n<li>Web sitemizi ziyaret etti\u011finizde sizden <strong>herhangi bir ki\u015fisel bilgi talep edilmez<\/strong> ve sizinle ilgili <strong>herhangi bir ki\u015fisel veri toplanmaz<\/strong>.<\/li>\n\n\n\n<li><strong>Ad, soyad, telefon numaras\u0131, e-posta adresi, IP bilgileri<\/strong> gibi kullan\u0131c\u0131 kimli\u011fini belirlemeye y\u00f6nelik bilgiler sistemlerimizde tutulmaz.<\/li>\n\n\n\n<li>Ziyaret s\u0131ras\u0131nda kullan\u0131c\u0131 deneyimini iyile\u015ftirmek amac\u0131yla temel d\u00fczeyde <strong>\u00e7erezler (cookies)<\/strong> kullan\u0131labilir. Ancak bu \u00e7erezler, ki\u015fisel kimlik tespiti amac\u0131yla kullan\u0131lmaz.<\/li>\n<\/ul>\n\n\n\n<hr class=\"wp-block-separator has-alpha-channel-opacity\"\/>\n\n\n\n<h3 class=\"wp-block-heading\"><strong>2. \u00c7erezler (Cookies)<\/strong><\/h3>\n\n\n\n<ul class=\"wp-block-list\">\n<li>Web sitemizde yaln\u0131zca temel i\u015flevselli\u011fi sa\u011flamak i\u00e7in \u00e7erezler kullan\u0131labilir.<\/li>\n\n\n\n<li>\u00c7erezler, ki\u015fisel verilerinizi toplamaz ya da sizi tan\u0131mlayacak bilgi saklamaz.<\/li>\n\n\n\n<li>Dilerseniz taray\u0131c\u0131 ayarlar\u0131n\u0131zdan \u00e7erez kullan\u0131m\u0131n\u0131 devre d\u0131\u015f\u0131 b\u0131rakabilirsiniz. Ancak bu durumda baz\u0131 temel i\u015flevlerde k\u0131s\u0131tlamalar ya\u015fanabilir.<\/li>\n<\/ul>\n\n\n\n<hr class=\"wp-block-separator has-alpha-channel-opacity\"\/>\n\n\n\n<h3 class=\"wp-block-heading\"><strong>3. Verilerin Kullan\u0131m\u0131 ve Payla\u015f\u0131m\u0131<\/strong><\/h3>\n\n\n\n<ul class=\"wp-block-list\">\n<li><strong>Herhangi bir ki\u015fisel veri toplanmad\u0131\u011f\u0131ndan<\/strong>, bu verilerin i\u015flenmesi, saklanmas\u0131 veya \u00fc\u00e7\u00fcnc\u00fc taraflarla payla\u015f\u0131lmas\u0131 s\u00f6z konusu de\u011fildir.<\/li>\n\n\n\n<li>Kullan\u0131c\u0131lar\u0131m\u0131z\u0131n gizlili\u011fini ihlal edecek herhangi bir faaliyet kesinlikle ger\u00e7ekle\u015ftirilmemektedir.<\/li>\n<\/ul>\n\n\n\n<hr class=\"wp-block-separator has-alpha-channel-opacity\"\/>\n\n\n\n<h3 class=\"wp-block-heading\"><strong>4. \u0130\u00e7erik Haklar\u0131 ve Telif<\/strong><\/h3>\n\n\n\n<ul class=\"wp-block-list\">\n<li>Web sitemizde yer alan <strong>metinler, g\u00f6rseller, projeler, tasar\u0131mlar, logolar ve di\u011fer t\u00fcm i\u00e7erikler<\/strong> \u0130G Yap\u0131 \u0130n\u015faat Dekorasyon\u2019a aittir.<\/li>\n\n\n\n<li>Bu i\u00e7eriklerin, <strong>izinsiz kopyalanmas\u0131, \u00e7o\u011falt\u0131lmas\u0131, payla\u015f\u0131lmas\u0131 veya ticari ama\u00e7la kullan\u0131lmas\u0131<\/strong> yasakt\u0131r.<\/li>\n\n\n\n<li>\u0130\u00e7eriklerimizi kullanmak isteyen ki\u015fi ya da kurumlar\u0131n, <strong>\u00f6nceden yaz\u0131l\u0131 izin<\/strong> talebinde bulunmalar\u0131 zorunludur.<\/li>\n<\/ul>\n\n\n\n<hr class=\"wp-block-separator has-alpha-channel-opacity\"\/>\n\n\n\n<h3 class=\"wp-block-heading\"><strong>5. \u00dc\u00e7\u00fcnc\u00fc Taraf Ba\u011flant\u0131lar\u0131<\/strong><\/h3>\n\n\n\n<ul class=\"wp-block-list\">\n<li>Web sitemiz \u00fczerinden baz\u0131 \u00fc\u00e7\u00fcnc\u00fc taraf sitelere y\u00f6nlendiren ba\u011flant\u0131lar yer alabilir.<\/li>\n\n\n\n<li>Bu sitelerin gizlilik politikalar\u0131 ve i\u00e7eriklerinden <strong>\u0130G Yap\u0131 \u0130n\u015faat Dekorasyon<\/strong> sorumlu de\u011fildir.<\/li>\n\n\n\n<li>Kullan\u0131c\u0131lar\u0131m\u0131z\u0131n bu ba\u011flant\u0131lar\u0131 kullanmadan \u00f6nce ilgili sitelerin gizlilik politikalar\u0131n\u0131 incelemeleri tavsiye edilir.<\/li>\n<\/ul>\n\n\n\n<hr class=\"wp-block-separator has-alpha-channel-opacity\"\/>\n\n\n\n<h3 class=\"wp-block-heading\"><strong>6. G\u00fcvenlik \u00d6nlemleri<\/strong><\/h3>\n\n\n\n<ul class=\"wp-block-list\">\n<li>Web sitemizin g\u00fcvenli\u011fi i\u00e7in gerekli t\u00fcm teknik ve idari \u00f6nlemler al\u0131nmaktad\u0131r.<\/li>\n\n\n\n<li>K\u00f6t\u00fc niyetli sald\u0131r\u0131lara kar\u015f\u0131 korunmak amac\u0131yla g\u00fcncel g\u00fcvenlik protokolleri ve yaz\u0131l\u0131mlar kullan\u0131lmaktad\u0131r.<\/li>\n<\/ul>\n\n\n\n<hr class=\"wp-block-separator has-alpha-channel-opacity\"\/>\n\n\n\n<h3 class=\"wp-block-heading\"><strong>7. Gizlilik Politikas\u0131nda De\u011fi\u015fiklikler<\/strong><\/h3>\n\n\n\n<ul class=\"wp-block-list\">\n<li><strong>\u0130G Yap\u0131 \u0130n\u015faat Dekorasyon<\/strong>, Gizlilik Politikas\u0131\u2019n\u0131 zaman zaman g\u00fcncelleme hakk\u0131n\u0131 sakl\u0131 tutar.<\/li>\n\n\n\n<li>Yap\u0131lan de\u011fi\u015fiklikler <strong><a href=\"https:\/\/igyapidekorasyon.com\/\">https:\/\/igyapidekorasyon.com<\/a><\/strong> \u00fczerinden yay\u0131nland\u0131\u011f\u0131 anda ge\u00e7erlilik kazan\u0131r.<\/li>\n\n\n\n<li>Kullan\u0131c\u0131lar\u0131m\u0131z\u0131n periyodik olarak bu sayfay\u0131 ziyaret ederek g\u00fcncellemeleri takip etmeleri \u00f6nerilir.<\/li>\n<\/ul>\n\n\n\n<hr class=\"wp-block-separator has-alpha-channel-opacity\"\/>\n\n\n\n<h3 class=\"wp-block-heading\"><strong>8. \u0130leti\u015fim<\/strong><\/h3>\n\n\n\n<p>Gizlilik Politikam\u0131z hakk\u0131nda sorular\u0131n\u0131z, g\u00f6r\u00fc\u015fleriniz ya da izin talepleriniz i\u00e7in bizimle <a href=\"https:\/\/igyapidekorasyon.com\/site\/?page_id=38\">ileti\u015fim<\/a> sayfas\u0131ndan \u0130leti\u015fim Formunu doldurarak bilgi talebinde bulunabilirsiniz.<\/p>\n\n\n\n<p><\/p>\n","protected":false},"excerpt":{"rendered":"<p>\u0130G Yap\u0131 \u0130n\u015faat Dekorasyon olarak ziyaret\u00e7ilerimizin gizlili\u011fini \u00f6n planda tutuyoruz. Web sitemiz (https:\/\/igyapidekorasyon.com) \u00fczerinden ger\u00e7ekle\u015ftirdi\u011finiz ziyaretlerde ki\u015fisel bilgilerinizin korunmas\u0131 ve gizlili\u011finizin sa\u011flanmas\u0131 i\u00e7in azami \u00f6zeni g\u00f6stermekteyiz. Bu Gizlilik Politikas\u0131, hangi [&hellip;]<\/p>\n","protected":false},"author":1,"featured_media":0,"parent":0,"menu_order":0,"comment_status":"closed","ping_status":"closed","template":"","meta":{"footnotes":""},"class_list":["post-832","page","type-page","status-publish","hentry"],"_links":{"self":[{"href":"https:\/\/igyapidekorasyon.com\/site\/index.php?rest_route=\/wp\/v2\/pages\/832","targetHints":{"allow":["GET"]}}],"collection":[{"href":"https:\/\/igyapidekorasyon.com\/site\/index.php?rest_route=\/wp\/v2\/pages"}],"about":[{"href":"https:\/\/igyapidekorasyon.com\/site\/index.php?rest_route=\/wp\/v2\/types\/page"}],"author":[{"embeddable":true,"href":"https:\/\/igyapidekorasyon.com\/site\/index.php?rest_route=\/wp\/v2\/users\/1"}],"replies":[{"embeddable":true,"href":"https:\/\/igyapidekorasyon.com\/site\/index.php?rest_route=%2Fwp%2Fv2%2Fcomments&post=832"}],"version-history":[{"count":6,"href":"https:\/\/igyapidekorasyon.com\/site\/index.php?rest_route=\/wp\/v2\/pages\/832\/revisions"}],"predecessor-version":[{"id":1161,"href":"https:\/\/igyapidekorasyon.com\/site\/index.php?rest_route=\/wp\/v2\/pages\/832\/revisions\/1161"}],"wp:attachment":[{"href":"https:\/\/igyapidekorasyon.com\/site\/index.php?rest_route=%2Fwp%2Fv2%2Fmedia&parent=832"}],"curies":[{"name":"wp","href":"https:\/\/api.w.org\/{rel}","templated":true}]}}