{"id":36,"date":"2014-03-22T15:06:09","date_gmt":"2014-03-22T15:06:09","guid":{"rendered":"http:\/\/igyapidekorasyon.com\/site\/?page_id=36"},"modified":"2025-02-20T07:54:10","modified_gmt":"2025-02-20T04:54:10","slug":"referanslar","status":"publish","type":"page","link":"https:\/\/igyapidekorasyon.com\/site\/?page_id=36","title":{"rendered":"Referanslar\u0131m\u0131z"},"content":{"rendered":"\n<div class=\"whistles whistles-accordion\"><h3 class=\"whistle-title\">Ada Suites Ni\u015fanta\u015f\u0131<\/h3><div class=\"whistle-content\"><table style=\"width: 100%; margin-right: calc(53%);\">\n<tbody>\n<tr>\n<td style=\"width: 12%; vertical-align: middle; text-align: center; border: 0px none #000000;\"><img loading=\"lazy\" decoding=\"async\" class=\"alignnone wp-image-895\" src=\"https:\/\/igyapidekorasyon.com\/site\/wp-content\/uploads\/home-loan-14747.png\" alt=\"\" width=\"72\" height=\"72\" srcset=\"https:\/\/igyapidekorasyon.com\/site\/wp-content\/uploads\/home-loan-14747.png 256w, https:\/\/igyapidekorasyon.com\/site\/wp-content\/uploads\/home-loan-14747-150x150.png 150w\" sizes=\"auto, (max-width: 72px) 100vw, 72px\" \/><\/td>\n<td style=\"width: 88%; vertical-align: middle; text-align: left; border: 0px none #000000;\">Komple tadilat i\u015fleri&#8230;<\/td>\n<\/tr>\n<\/tbody>\n<\/table>\n<\/div><h3 class=\"whistle-title\">Autoliv A.\u015e<\/h3><div class=\"whistle-content\"><table style=\"width: 100%; margin-right: calc(53%);\">\n<tbody>\n<tr>\n<td style=\"width: 12%; vertical-align: middle; text-align: center; border: 0px none #000000;\"><img loading=\"lazy\" decoding=\"async\" class=\"alignnone wp-image-891 size-full\" src=\"https:\/\/igyapidekorasyon.com\/site\/wp-content\/uploads\/artificial-intelligence-construction-buildings-23934.png\" alt=\"\" width=\"256\" height=\"256\" srcset=\"https:\/\/igyapidekorasyon.com\/site\/wp-content\/uploads\/artificial-intelligence-construction-buildings-23934.png 256w, https:\/\/igyapidekorasyon.com\/site\/wp-content\/uploads\/artificial-intelligence-construction-buildings-23934-150x150.png 150w\" sizes=\"auto, (max-width: 256px) 100vw, 256px\" \/><\/td>\n<td style=\"width: 88%; vertical-align: middle; text-align: left; border: 0px none #000000;\">Autoliv A.\u015e yap\u0131 i\u015flemi yap\u0131lm\u0131\u015ft\u0131r..<\/td>\n<\/tr>\n<\/tbody>\n<\/table>\n<\/div><h3 class=\"whistle-title\">Beykoz Konaklar\u0131<\/h3><div class=\"whistle-content\"><table style=\"width: 100%; margin-right: calc(53%);\">\n<tbody>\n<tr>\n<td style=\"width: 12%; vertical-align: middle; text-align: center; border: 0px none #000000;\"><img loading=\"lazy\" decoding=\"async\" class=\"alignnone wp-image-895\" src=\"https:\/\/igyapidekorasyon.com\/site\/wp-content\/uploads\/home-loan-14747.png\" alt=\"\" width=\"72\" height=\"72\" srcset=\"https:\/\/igyapidekorasyon.com\/site\/wp-content\/uploads\/home-loan-14747.png 256w, https:\/\/igyapidekorasyon.com\/site\/wp-content\/uploads\/home-loan-14747-150x150.png 150w\" sizes=\"auto, (max-width: 72px) 100vw, 72px\" \/><\/td>\n<td style=\"width: 88%; vertical-align: middle; text-align: left; border: 0px none #000000;\">Komple tadilat i\u015fleri&#8230;<\/td>\n<\/tr>\n<\/tbody>\n<\/table>\n<\/div><h3 class=\"whistle-title\">Bimel Elektronik Mam\u00fclleri Pazarlama A\u015e<\/h3><div class=\"whistle-content\"><table style=\"width: 100%; margin-right: calc(53%);\">\n<tbody>\n<tr>\n<td style=\"width: 12%; vertical-align: middle; text-align: center; border: 0px none #000000;\"><img loading=\"lazy\" decoding=\"async\" class=\"alignnone wp-image-895\" src=\"https:\/\/igyapidekorasyon.com\/site\/wp-content\/uploads\/home-loan-14747.png\" alt=\"\" width=\"72\" height=\"72\" srcset=\"https:\/\/igyapidekorasyon.com\/site\/wp-content\/uploads\/home-loan-14747.png 256w, https:\/\/igyapidekorasyon.com\/site\/wp-content\/uploads\/home-loan-14747-150x150.png 150w\" sizes=\"auto, (max-width: 72px) 100vw, 72px\" \/><\/td>\n<td style=\"width: 88%; vertical-align: middle; text-align: left; border: 0px none #000000;\">Komple tadilat i\u015fleri&#8230;<\/td>\n<\/tr>\n<\/tbody>\n<\/table>\n<\/div><h3 class=\"whistle-title\">Cekmek\u00f6y Nurol Konaklar\u0131<\/h3><div class=\"whistle-content\"><table style=\"width: 100%; margin-right: calc(53%);\">\n<tbody>\n<tr>\n<td style=\"width: 12%; vertical-align: middle; text-align: center; border: 0px none #000000;\"><img loading=\"lazy\" decoding=\"async\" class=\"aligncenter wp-image-893\" src=\"https:\/\/igyapidekorasyon.com\/site\/wp-content\/uploads\/craftsman-9499.png\" alt=\"\" width=\"72\" height=\"72\" srcset=\"https:\/\/igyapidekorasyon.com\/site\/wp-content\/uploads\/craftsman-9499.png 256w, https:\/\/igyapidekorasyon.com\/site\/wp-content\/uploads\/craftsman-9499-150x150.png 150w\" sizes=\"auto, (max-width: 72px) 100vw, 72px\" \/><\/td>\n<td style=\"width: 88%; vertical-align: middle; text-align: left; border: 0px none #000000;\">Di\u015fcephe Montalama Ve Boya \u0130\u015fleri<\/td>\n<\/tr>\n<\/tbody>\n<\/table>\n<\/div><h3 class=\"whistle-title\">\u00c7e\u015fme Altun Yunus Oteli<\/h3><div class=\"whistle-content\"><table style=\"width: 100%; margin-right: calc(53%);\">\n<tbody>\n<tr>\n<td style=\"width: 12%; vertical-align: middle; text-align: center; border: 0px none #000000;\"><img loading=\"lazy\" decoding=\"async\" class=\"alignnone wp-image-893 size-full\" src=\"https:\/\/igyapidekorasyon.com\/site\/wp-content\/uploads\/craftsman-9499.png\" alt=\"\" width=\"256\" height=\"256\" srcset=\"https:\/\/igyapidekorasyon.com\/site\/wp-content\/uploads\/craftsman-9499.png 256w, https:\/\/igyapidekorasyon.com\/site\/wp-content\/uploads\/craftsman-9499-150x150.png 150w\" sizes=\"auto, (max-width: 256px) 100vw, 256px\" \/><\/td>\n<td style=\"width: 88%; vertical-align: middle; text-align: left; border: 0px none #000000;\">\u00c7e\u015fme Altun Yunus Oteli 140 oda tamirat ve yenileme i\u015fleri.<\/td>\n<\/tr>\n<\/tbody>\n<\/table>\n<\/div><h3 class=\"whistle-title\">Cevizli Tekel Fabrikas\u0131<\/h3><div class=\"whistle-content\"><table style=\"width: 100%; margin-right: calc(53%);\">\n<tbody>\n<tr>\n<td style=\"width: 12%; vertical-align: middle; text-align: center; border: 0px none #000000;\"><img loading=\"lazy\" decoding=\"async\" class=\"alignnone wp-image-894\" src=\"https:\/\/igyapidekorasyon.com\/site\/wp-content\/uploads\/hammer-and-hand-9516.png\" alt=\"\" width=\"72\" height=\"72\" srcset=\"https:\/\/igyapidekorasyon.com\/site\/wp-content\/uploads\/hammer-and-hand-9516.png 256w, https:\/\/igyapidekorasyon.com\/site\/wp-content\/uploads\/hammer-and-hand-9516-150x150.png 150w\" sizes=\"auto, (max-width: 72px) 100vw, 72px\" \/><\/td>\n<td style=\"width: 88%; vertical-align: middle; text-align: left; border: 0px none #000000;\">Tadilat i\u015fleri.<\/td>\n<\/tr>\n<\/tbody>\n<\/table>\n<\/div><h3 class=\"whistle-title\">eLAB Laboratuvarlar\u0131<\/h3><div class=\"whistle-content\"><table style=\"width: 100%; margin-right: calc(53%);\">\n<tbody>\n<tr>\n<td style=\"width: 12%; vertical-align: middle; text-align: center; border: 0px none #000000;\"><img loading=\"lazy\" decoding=\"async\" class=\"alignnone wp-image-895\" src=\"https:\/\/igyapidekorasyon.com\/site\/wp-content\/uploads\/home-loan-14747.png\" alt=\"\" width=\"72\" height=\"72\" srcset=\"https:\/\/igyapidekorasyon.com\/site\/wp-content\/uploads\/home-loan-14747.png 256w, https:\/\/igyapidekorasyon.com\/site\/wp-content\/uploads\/home-loan-14747-150x150.png 150w\" sizes=\"auto, (max-width: 72px) 100vw, 72px\" \/><\/td>\n<td style=\"width: 88%; vertical-align: middle; text-align: left; border: 0px none #000000;\">Komple tadilat i\u015fleri&#8230;<\/td>\n<\/tr>\n<\/tbody>\n<\/table>\n<\/div><h3 class=\"whistle-title\">Gebze Ticaret Odas\u0131<\/h3><div class=\"whistle-content\"><table style=\"width: 100%; margin-right: calc(53%);\">\n<tbody>\n<tr>\n<td style=\"width: 12%; vertical-align: middle; text-align: center; border: 0px none #000000;\"><img loading=\"lazy\" decoding=\"async\" class=\"alignnone wp-image-909 size-full\" src=\"https:\/\/igyapidekorasyon.com\/site\/wp-content\/uploads\/gardening-wheelbarrow-black-outline-19398.png\" alt=\"\" width=\"256\" height=\"256\" srcset=\"https:\/\/igyapidekorasyon.com\/site\/wp-content\/uploads\/gardening-wheelbarrow-black-outline-19398.png 256w, https:\/\/igyapidekorasyon.com\/site\/wp-content\/uploads\/gardening-wheelbarrow-black-outline-19398-150x150.png 150w\" sizes=\"auto, (max-width: 256px) 100vw, 256px\" \/><\/td>\n<td style=\"width: 88%; vertical-align: middle; text-align: left; border: 0px none #000000;\">Gebze Ticaret Odas\u0131 Tadilat malzemeleri firmam\u0131z taraf\u0131ndan kar\u015f\u0131lanm\u0131\u015ft\u0131r.<\/td>\n<\/tr>\n<\/tbody>\n<\/table>\n<\/div><h3 class=\"whistle-title\">ISS T\u00fcrkiye \/ Kay\u0131\u015fda\u011f\u0131<\/h3><div class=\"whistle-content\"><table style=\"width: 100%; margin-right: calc(53%);\">\n<tbody>\n<tr>\n<td style=\"width: 12%; vertical-align: middle; text-align: center; border: 0px none rgb(0, 0, 0);\"><img loading=\"lazy\" decoding=\"async\" class=\"alignnone wp-image-894\" src=\"https:\/\/igyapidekorasyon.com\/site\/wp-content\/uploads\/hammer-and-hand-9516.png\" alt=\"\" width=\"72\" height=\"72\" srcset=\"https:\/\/igyapidekorasyon.com\/site\/wp-content\/uploads\/hammer-and-hand-9516.png 256w, https:\/\/igyapidekorasyon.com\/site\/wp-content\/uploads\/hammer-and-hand-9516-150x150.png 150w\" sizes=\"auto, (max-width: 72px) 100vw, 72px\" \/><\/td>\n<td style=\"width: 88%; vertical-align: middle; text-align: left; border: 0px none rgb(0, 0, 0);\">\u015eirketin t&uuml;m tadilat i\u015fleri yap\u0131lm\u0131\u015ft\u0131r.<\/td>\n<\/tr>\n<\/tbody>\n<\/table>\n<\/div><h3 class=\"whistle-title\">Ka\u011f\u0131thane Akbank \u00c7a\u011fr\u0131 Merkezi<\/h3><div class=\"whistle-content\"><table style=\"width: 100%; margin-right: calc(53%);\">\n<tbody>\n<tr>\n<td style=\"width: 12%; vertical-align: middle; text-align: center; border: 0px none rgb(0, 0, 0);\"><img loading=\"lazy\" decoding=\"async\" class=\"alignnone wp-image-894\" src=\"https:\/\/igyapidekorasyon.com\/site\/wp-content\/uploads\/hammer-and-hand-9516.png\" alt=\"\" width=\"72\" height=\"72\" srcset=\"https:\/\/igyapidekorasyon.com\/site\/wp-content\/uploads\/hammer-and-hand-9516.png 256w, https:\/\/igyapidekorasyon.com\/site\/wp-content\/uploads\/hammer-and-hand-9516-150x150.png 150w\" sizes=\"auto, (max-width: 72px) 100vw, 72px\" \/><\/td>\n<td style=\"width: 88%; vertical-align: middle; text-align: left; border: 0px none rgb(0, 0, 0);\">\u015eirketin t\u00fcm tadilat i\u015fleri yap\u0131lm\u0131\u015ft\u0131r.<\/td>\n<\/tr>\n<\/tbody>\n<\/table>\n<\/div><h3 class=\"whistle-title\">Ka\u011f\u0131thane Teb \u00c7a\u011fr\u0131 Merkezi<\/h3><div class=\"whistle-content\"><table style=\"width: 100%; margin-right: calc(53%);\">\n<tbody>\n<tr>\n<td style=\"width: 12%; vertical-align: middle; text-align: center; border: 0px none #000000;\"><img loading=\"lazy\" decoding=\"async\" class=\"alignnone wp-image-895\" src=\"https:\/\/igyapidekorasyon.com\/site\/wp-content\/uploads\/home-loan-14747.png\" alt=\"\" width=\"72\" height=\"72\" srcset=\"https:\/\/igyapidekorasyon.com\/site\/wp-content\/uploads\/home-loan-14747.png 256w, https:\/\/igyapidekorasyon.com\/site\/wp-content\/uploads\/home-loan-14747-150x150.png 150w\" sizes=\"auto, (max-width: 72px) 100vw, 72px\" \/><\/td>\n<td style=\"width: 88%; vertical-align: middle; text-align: left; border: 0px none #000000;\">Komple tadilat i\u015fleri&#8230;<\/td>\n<\/tr>\n<\/tbody>\n<\/table>\n<\/div><h3 class=\"whistle-title\">Kavac\u0131k Samsung \u00c7a\u011fr\u0131 Merkezi<\/h3><div class=\"whistle-content\"><table style=\"width: 100%; margin-right: calc(53%);\">\n<tbody>\n<tr>\n<td style=\"width: 12%; vertical-align: middle; text-align: center; border: 0px none #000000;\"><img loading=\"lazy\" decoding=\"async\" class=\"alignnone wp-image-894\" src=\"https:\/\/igyapidekorasyon.com\/site\/wp-content\/uploads\/hammer-and-hand-9516.png\" alt=\"\" width=\"72\" height=\"72\" srcset=\"https:\/\/igyapidekorasyon.com\/site\/wp-content\/uploads\/hammer-and-hand-9516.png 256w, https:\/\/igyapidekorasyon.com\/site\/wp-content\/uploads\/hammer-and-hand-9516-150x150.png 150w\" sizes=\"auto, (max-width: 72px) 100vw, 72px\" \/><\/td>\n<td style=\"width: 88%; vertical-align: middle; text-align: left; border: 0px none #000000;\">Komple tadilat i\u015fleri&#8230;<\/td>\n<\/tr>\n<\/tbody>\n<\/table>\n<\/div><h3 class=\"whistle-title\">Kavac\u0131k Turkcell \u00c7a\u011fr\u0131 Merkezi<\/h3><div class=\"whistle-content\"><table style=\"width: 100%; margin-right: calc(53%);\">\n<tbody>\n<tr>\n<td style=\"width: 12%; vertical-align: middle; text-align: center; border: 0px none #000000;\"><img loading=\"lazy\" decoding=\"async\" class=\"alignnone wp-image-895\" src=\"https:\/\/igyapidekorasyon.com\/site\/wp-content\/uploads\/home-loan-14747.png\" alt=\"\" width=\"72\" height=\"72\" srcset=\"https:\/\/igyapidekorasyon.com\/site\/wp-content\/uploads\/home-loan-14747.png 256w, https:\/\/igyapidekorasyon.com\/site\/wp-content\/uploads\/home-loan-14747-150x150.png 150w\" sizes=\"auto, (max-width: 72px) 100vw, 72px\" \/><\/td>\n<td style=\"width: 88%; vertical-align: middle; text-align: left; border: 0px none #000000;\">Komple tadilat i\u015fleri&#8230;<\/td>\n<\/tr>\n<\/tbody>\n<\/table>\n<\/div><h3 class=\"whistle-title\">Lufthansa \u00c7a\u011fr\u0131 Merkezi ve M\u00fc\u015fteri Hizmetleri Tic.A\u015e.<\/h3><div class=\"whistle-content\"><table style=\"width: 100%; margin-right: calc(53%);\">\n<tbody>\n<tr>\n<td style=\"width: 12%; vertical-align: middle; text-align: center; border: 0px none #000000;\"><img loading=\"lazy\" decoding=\"async\" class=\"alignnone wp-image-895\" src=\"https:\/\/igyapidekorasyon.com\/site\/wp-content\/uploads\/home-loan-14747.png\" alt=\"\" width=\"72\" height=\"72\" srcset=\"https:\/\/igyapidekorasyon.com\/site\/wp-content\/uploads\/home-loan-14747.png 256w, https:\/\/igyapidekorasyon.com\/site\/wp-content\/uploads\/home-loan-14747-150x150.png 150w\" sizes=\"auto, (max-width: 72px) 100vw, 72px\" \/><\/td>\n<td style=\"width: 88%; vertical-align: middle; text-align: left; border: 0px none #000000;\">Komple tadilat i\u015fleri&#8230;<\/td>\n<\/tr>\n<\/tbody>\n<\/table>\n<\/div><h3 class=\"whistle-title\">Mega tekstil<\/h3><div class=\"whistle-content\"><table style=\"width: 100%; margin-right: calc(53%);\">\n<tbody>\n<tr>\n<td style=\"width: 12%; vertical-align: middle; text-align: center; border: 0px none #000000;\"><img loading=\"lazy\" decoding=\"async\" class=\"alignnone wp-image-895\" src=\"https:\/\/igyapidekorasyon.com\/site\/wp-content\/uploads\/home-loan-14747.png\" alt=\"\" width=\"72\" height=\"72\" srcset=\"https:\/\/igyapidekorasyon.com\/site\/wp-content\/uploads\/home-loan-14747.png 256w, https:\/\/igyapidekorasyon.com\/site\/wp-content\/uploads\/home-loan-14747-150x150.png 150w\" sizes=\"auto, (max-width: 72px) 100vw, 72px\" \/><\/td>\n<td style=\"width: 88%; vertical-align: middle; text-align: left; border: 0px none #000000;\">Komple tadilat i\u015fleri&#8230;<\/td>\n<\/tr>\n<\/tbody>\n<\/table>\n<\/div><h3 class=\"whistle-title\">Mplus \u00c7a\u011fr\u0131 Merkezi Ka\u011f\u0131thane<\/h3><div class=\"whistle-content\"><table style=\"width: 100%; margin-right: calc(53%);\">\n<tbody>\n<tr>\n<td style=\"width: 12%; vertical-align: middle; text-align: center; border: 0px none #000000;\"><img loading=\"lazy\" decoding=\"async\" class=\"alignnone wp-image-895\" src=\"https:\/\/igyapidekorasyon.com\/site\/wp-content\/uploads\/home-loan-14747.png\" alt=\"\" width=\"72\" height=\"72\" srcset=\"https:\/\/igyapidekorasyon.com\/site\/wp-content\/uploads\/home-loan-14747.png 256w, https:\/\/igyapidekorasyon.com\/site\/wp-content\/uploads\/home-loan-14747-150x150.png 150w\" sizes=\"auto, (max-width: 72px) 100vw, 72px\" \/><\/td>\n<td style=\"width: 88%; vertical-align: middle; text-align: left; border: 0px none #000000;\">Komple tadilat i\u015fleri&#8230;<\/td>\n<\/tr>\n<\/tbody>\n<\/table>\n<\/div><h3 class=\"whistle-title\">Mplus \u00c7a\u011fr\u0131 Merkezi Kavac\u0131k<\/h3><div class=\"whistle-content\"><table style=\"width: 100%; margin-right: calc(53%);\">\n<tbody>\n<tr>\n<td style=\"width: 12%; vertical-align: middle; text-align: center; border: 0px none #000000;\"><img loading=\"lazy\" decoding=\"async\" class=\"alignnone wp-image-895\" src=\"https:\/\/igyapidekorasyon.com\/site\/wp-content\/uploads\/home-loan-14747.png\" alt=\"\" width=\"72\" height=\"72\" srcset=\"https:\/\/igyapidekorasyon.com\/site\/wp-content\/uploads\/home-loan-14747.png 256w, https:\/\/igyapidekorasyon.com\/site\/wp-content\/uploads\/home-loan-14747-150x150.png 150w\" sizes=\"auto, (max-width: 72px) 100vw, 72px\" \/><\/td>\n<td style=\"width: 88%; vertical-align: middle; text-align: left; border: 0px none #000000;\">Komple tadilat i\u015fleri&#8230;<\/td>\n<\/tr>\n<\/tbody>\n<\/table>\n<\/div><h3 class=\"whistle-title\">Mplus \u00c7a\u011fr\u0131 Merkezi Mecidiyek\u00f6y<\/h3><div class=\"whistle-content\"><table style=\"width: 100%; margin-right: calc(53%);\">\n<tbody>\n<tr>\n<td style=\"width: 12%; vertical-align: middle; text-align: center; border: 0px none #000000;\"><img loading=\"lazy\" decoding=\"async\" class=\"alignnone wp-image-895\" src=\"https:\/\/igyapidekorasyon.com\/site\/wp-content\/uploads\/home-loan-14747.png\" alt=\"\" width=\"72\" height=\"72\" srcset=\"https:\/\/igyapidekorasyon.com\/site\/wp-content\/uploads\/home-loan-14747.png 256w, https:\/\/igyapidekorasyon.com\/site\/wp-content\/uploads\/home-loan-14747-150x150.png 150w\" sizes=\"auto, (max-width: 72px) 100vw, 72px\" \/><\/td>\n<td style=\"width: 88%; vertical-align: middle; text-align: left; border: 0px none #000000;\">Komple tadilat i\u015fleri&#8230;<\/td>\n<\/tr>\n<\/tbody>\n<\/table>\n<\/div><h3 class=\"whistle-title\">Papir\u00fcs Plaza Ka\u011f\u0131thane<\/h3><div class=\"whistle-content\"><table style=\"width: 100%; margin-right: calc(53%);\">\n<tbody>\n<tr>\n<td style=\"width: 12%; vertical-align: middle; text-align: center; border: 0px none #000000;\"><img loading=\"lazy\" decoding=\"async\" class=\"alignnone wp-image-895\" src=\"https:\/\/igyapidekorasyon.com\/site\/wp-content\/uploads\/home-loan-14747.png\" alt=\"\" width=\"72\" height=\"72\" srcset=\"https:\/\/igyapidekorasyon.com\/site\/wp-content\/uploads\/home-loan-14747.png 256w, https:\/\/igyapidekorasyon.com\/site\/wp-content\/uploads\/home-loan-14747-150x150.png 150w\" sizes=\"auto, (max-width: 72px) 100vw, 72px\" \/><\/td>\n<td style=\"width: 88%; vertical-align: middle; text-align: left; border: 0px none #000000;\">Komple tadilat i\u015fleri&#8230;<\/td>\n<\/tr>\n<\/tbody>\n<\/table>\n<\/div><h3 class=\"whistle-title\">Point Hotel Taksim<\/h3><div class=\"whistle-content\"><table style=\"width: 100%; margin-right: calc(53%);\">\n<tbody>\n<tr>\n<td style=\"width: 12%; vertical-align: middle; text-align: center; border: 0px none #000000;\"><img loading=\"lazy\" decoding=\"async\" class=\"alignnone wp-image-895\" src=\"https:\/\/igyapidekorasyon.com\/site\/wp-content\/uploads\/home-loan-14747.png\" alt=\"\" width=\"72\" height=\"72\" srcset=\"https:\/\/igyapidekorasyon.com\/site\/wp-content\/uploads\/home-loan-14747.png 256w, https:\/\/igyapidekorasyon.com\/site\/wp-content\/uploads\/home-loan-14747-150x150.png 150w\" sizes=\"auto, (max-width: 72px) 100vw, 72px\" \/><\/td>\n<td style=\"width: 88%; vertical-align: middle; text-align: left; border: 0px none #000000;\">Komple tadilat i\u015fleri&#8230;<\/td>\n<\/tr>\n<\/tbody>\n<\/table>\n<\/div><h3 class=\"whistle-title\">\u015ei\u015fli Belediyesi<\/h3><div class=\"whistle-content\"><table style=\"width: 100%; margin-right: calc(53%);\">\n<tbody>\n<tr>\n<td style=\"width: 12%; vertical-align: middle; text-align: center; border: 0px none #000000;\"><img loading=\"lazy\" decoding=\"async\" class=\"alignnone wp-image-894\" src=\"https:\/\/igyapidekorasyon.com\/site\/wp-content\/uploads\/hammer-and-hand-9516.png\" alt=\"\" width=\"72\" height=\"72\" srcset=\"https:\/\/igyapidekorasyon.com\/site\/wp-content\/uploads\/hammer-and-hand-9516.png 256w, https:\/\/igyapidekorasyon.com\/site\/wp-content\/uploads\/hammer-and-hand-9516-150x150.png 150w\" sizes=\"auto, (max-width: 72px) 100vw, 72px\" \/><\/td>\n<td style=\"width: 88%; vertical-align: middle; text-align: left; border: 0px none #000000;\">Tadilat i\u015fleri.<\/td>\n<\/tr>\n<\/tbody>\n<\/table>\n<\/div><h3 class=\"whistle-title\">Sun Denetim SMMM. Ltd. \u015eti.<\/h3><div class=\"whistle-content\"><br \/>\n<table style=\"width: 100%; margin-right: calc(53%);\">\n<tbody>\n<tr>\n<td style=\"width: 12%; vertical-align: middle; text-align: center; border: 0px none #000000;\"><img loading=\"lazy\" decoding=\"async\" class=\"alignnone wp-image-895\" src=\"https:\/\/igyapidekorasyon.com\/site\/wp-content\/uploads\/home-loan-14747.png\" alt=\"\" width=\"72\" height=\"72\" srcset=\"https:\/\/igyapidekorasyon.com\/site\/wp-content\/uploads\/home-loan-14747.png 256w, https:\/\/igyapidekorasyon.com\/site\/wp-content\/uploads\/home-loan-14747-150x150.png 150w\" sizes=\"auto, (max-width: 72px) 100vw, 72px\" \/><\/td>\n<td style=\"width: 88%; vertical-align: middle; text-align: left; border: 0px none #000000;\">Komple tadilat i\u015fleri&#8230;<\/td>\n<\/tr>\n<\/tbody>\n<\/table>\n<\/div><h3 class=\"whistle-title\">Vector Group K\u00fc\u00e7\u00fckbakkalk\u00f6y<\/h3><div class=\"whistle-content\"><table style=\"width: 100%; margin-right: calc(53%);\">\n<tbody>\n<tr>\n<td style=\"width: 12%; vertical-align: middle; text-align: center; border: 0px none #000000;\"><img loading=\"lazy\" decoding=\"async\" class=\"alignnone wp-image-895\" src=\"https:\/\/igyapidekorasyon.com\/site\/wp-content\/uploads\/home-loan-14747.png\" alt=\"\" width=\"72\" height=\"72\" srcset=\"https:\/\/igyapidekorasyon.com\/site\/wp-content\/uploads\/home-loan-14747.png 256w, https:\/\/igyapidekorasyon.com\/site\/wp-content\/uploads\/home-loan-14747-150x150.png 150w\" sizes=\"auto, (max-width: 72px) 100vw, 72px\" \/><\/td>\n<td style=\"width: 88%; vertical-align: middle; text-align: left; border: 0px none #000000;\">Komple tadilat i\u015fleri&#8230;<\/td>\n<\/tr>\n<\/tbody>\n<\/table>\n<\/div><\/div>\n","protected":false},"excerpt":{"rendered":"","protected":false},"author":1,"featured_media":541,"parent":0,"menu_order":0,"comment_status":"closed","ping_status":"closed","template":"","meta":{"footnotes":""},"class_list":["post-36","page","type-page","status-publish","has-post-thumbnail","hentry"],"_links":{"self":[{"href":"https:\/\/igyapidekorasyon.com\/site\/index.php?rest_route=\/wp\/v2\/pages\/36","targetHints":{"allow":["GET"]}}],"collection":[{"href":"https:\/\/igyapidekorasyon.com\/site\/index.php?rest_route=\/wp\/v2\/pages"}],"about":[{"href":"https:\/\/igyapidekorasyon.com\/site\/index.php?rest_route=\/wp\/v2\/types\/page"}],"author":[{"embeddable":true,"href":"https:\/\/igyapidekorasyon.com\/site\/index.php?rest_route=\/wp\/v2\/users\/1"}],"replies":[{"embeddable":true,"href":"https:\/\/igyapidekorasyon.com\/site\/index.php?rest_route=%2Fwp%2Fv2%2Fcomments&post=36"}],"version-history":[{"count":48,"href":"https:\/\/igyapidekorasyon.com\/site\/index.php?rest_route=\/wp\/v2\/pages\/36\/revisions"}],"predecessor-version":[{"id":890,"href":"https:\/\/igyapidekorasyon.com\/site\/index.php?rest_route=\/wp\/v2\/pages\/36\/revisions\/890"}],"wp:featuredmedia":[{"embeddable":true,"href":"https:\/\/igyapidekorasyon.com\/site\/index.php?rest_route=\/wp\/v2\/media\/541"}],"wp:attachment":[{"href":"https:\/\/igyapidekorasyon.com\/site\/index.php?rest_route=%2Fwp%2Fv2%2Fmedia&parent=36"}],"curies":[{"name":"wp","href":"https:\/\/api.w.org\/{rel}","templated":true}]}}